{"id":317,"date":"2019-05-21T12:37:02","date_gmt":"2019-05-21T15:37:02","guid":{"rendered":"https:\/\/proplacor.com.ar\/wordpress\/?page_id=317"},"modified":"2021-04-06T10:09:09","modified_gmt":"2021-04-06T13:09:09","slug":"mision-vision-valores-y-estrategia","status":"publish","type":"page","link":"https:\/\/proplacor.com.ar\/wordpress\/mision-vision-valores-y-estrategia\/","title":{"rendered":"Misi\u00f3n, Visi\u00f3n, Valores y Estrategia"},"content":{"rendered":"\n<p>Resulta fundamental, en este momento de cambios organizacionales, sociales, tecnol\u00f3gicos, pol\u00edticos y econ\u00f3micos acelerados, establecer un <strong>c\u00f3digo de \u00e9tica<\/strong> que gu\u00ede nuestra <strong>cultura empresarial de servicio<\/strong>, la cual indudablemente depende de la comprensi\u00f3n y capacidad de las personas y organizaciones para la construcci\u00f3n de nuevos valores y procesos de aprendizaje.<\/p>\n\n\n\n<p>El enunciado que\nsintetiza los principales prop\u00f3sitos estrat\u00e9gicos, as\u00ed como los valores\nesenciales que deber\u00edan ser conocidos, comprendidos y compartidos por todos los\nindividuos que conforman una organizaci\u00f3n, es lo que se denomina <strong>Misi\u00f3n<\/strong>.<\/p>\n\n\n\n<p>El <strong>objetivo de la Misi\u00f3n<\/strong> es orientar y optimizar la capacidad de respuesta de la organizaci\u00f3n ante las oportunidades del entorno, por lo que se la define considerando cuatro aspectos: estrategia, prop\u00f3sito, valores, pol\u00edticas y normas.<\/p>\n\n\n\n<p>Los <strong>prop\u00f3sitos y valores<\/strong> de la organizaci\u00f3n tienen como finalidad generar un compromiso compartido dentro de la cultura organizacional. Por otra parte, <strong>las pol\u00edticas y normas<\/strong> sirven para definir los conceptos de productividad, eficiencia, calidad y rentabilidad, entre otros, los cuales configuran, conjuntamente con el liderazgo y posicionamiento, los factores clave del \u00e9xito que determina el cumplimiento de la imagen objetivo.<\/p>\n\n\n\n<p>Se entiende por <strong>Visi\u00f3n<\/strong>, la idealizaci\u00f3n del futuro de la empresa. Cuando hay claridad conceptual acerca de lo que se quiere construir a futuro, se puede enfocar la capacidad de direcci\u00f3n y ejecuci\u00f3n hacia su logro de manera constante. Los aspectos estrat\u00e9gicos para alcanzar la visi\u00f3n se deben concentrar en tres l\u00edneas fundamentales de acci\u00f3n: <strong>capacitaci\u00f3n, reingenier\u00eda de procesos <\/strong>y<strong> certificaci\u00f3n de calidad<\/strong>.<\/p>\n\n\n\n<p>Cuando hay <strong>Visi\u00f3n Compartida<\/strong> en una empresa, existe un fuerte sentimiento de identificaci\u00f3n y compromiso en el coraz\u00f3n de la gente, de manera que el camino hacia el futuro lo realizan todos, aportando y desarrollando potencial. Es un camino que se origina en el interior de las personas, a trav\u00e9s de la construcci\u00f3n de una <strong>Visi\u00f3n Personal<\/strong>, seg\u00fan la cual, no basta con aumentar las aptitudes de las personas, sino que tambi\u00e9n es necesario mejorarlas, lo cual implica capacidad y voluntad para comprender y trabajar con las fuerzas que nos rodean, con espontaneidad y alegr\u00eda.<\/p>\n\n\n\n<h1 class=\"wp-block-heading\">Misi\u00f3n, visi\u00f3n, valores y estrategia.<\/h1>\n\n\n\n<figure class=\"wp-block-table is-style-stripes\"><table><tbody><tr><td>   <strong>Nuestra Misi\u00f3n <\/strong><br>   Permitir a la gente y las empresas obtener beneficios y   valores que los proyecten a una sociedad mas&nbsp;   justa y equilibrada, respetando la vida por sobre todas las cosas.   &nbsp;  <br>   <strong>Nuestra Visi\u00f3n<\/strong> <br>   Pretendemos ser proveedores calificados, reconocidos y   valorados dentro de nuestra industria, de soluciones adaptadas&nbsp; a las necesidades de los diferentes   mercados atendidos,&nbsp; creando soluciones   diferenciales y valorables, basadas en productos, servicios y experiencias,   que contribuyan a que nuestros clientes lograr sus objetivos.   &nbsp;   &nbsp;   <\/td><td>\n  \n   \n    \n    &nbsp;\n    \n   \n   \n    \n    &nbsp;\n    \n   \n   \n    \n    &nbsp;\n    \n   \n  \n  \n  <\/td><\/tr><tr><td>   <strong>Nuestros Objetivos<\/strong> <br>   Satisfacer        a nuestros clientes     Cumplir        con nuestros compromisos     Fomentar        el desarrollo profesional     Depender        el uno del otro       <\/td><td>\n  &nbsp;\n  <\/td><\/tr><tr><td>    <strong>Nuestra estrategia<\/strong> <br>      Nosotros:   <br>      Incrementaremos          la rentabilidad redistribuyendo el capital hacia oportunidades que          ofrezcan mayores y m\u00e1s consistentes beneficios       Crearemos          asociaciones con clientes clave y proveedores, tanto en las \u00e1reas de          negocio a negocio como de negocio a consumidor       Continuaremos          invirtiendo en mantener nuestra destacada posici\u00f3n de innovaci\u00f3n y          sacaremos el mayor partido posible a nuestros importantes recursos de          propiedad intelectual       Reforzaremos          nuestras capacidades de liderazgo       Fomentaremos          la productividad a trav\u00e9s de la transformaci\u00f3n del negocio y de la          excelencia operacional           &nbsp;               &nbsp;               <br>   <strong>Cumplir nuestra misi\u00f3n<\/strong>   Los principios centrales para lograr   nuestra misi\u00f3n son:  <br> &nbsp; <strong>Gente brillante con grandes valores<\/strong><br>     Para cumplir nuestra misi\u00f3n necesitamos gente que sea brillante, creativa y     din\u00e1mica, y que comparta los siguientes valores:     <br>        .Integridad y honestidad. <br>        .Pasi\u00f3n por los clientes, los socios de negocios,&nbsp; el conocimiento y la tecnolog\u00eda. <br>        .Abierta y respetuosa con otros y dedicada a mejorarlos. <br>        .Disposici\u00f3n para asumir grandes retos y llevarlos hasta el final.<br>        .Autocr\u00edtica y comprometida con la excelencia y la superaci\u00f3n personales. <br>        .Responsable de los compromisos, los resultados y la calidad de los clientes, los accionistas, los socios de negocios y la cadena de servicios personales\/profesionales.                               <strong>&nbsp;<\/strong>    <br> <strong>Excelencia<\/strong><br>     En todo lo que hacemos.   <br> <strong>Confiabilidad<\/strong><br>     Reforzar la confianza del cliente a trav\u00e9s de la calidad de nuestros     productos y servicios, nuestras respuestas y responsabilidad y nuestra     predicci\u00f3n en todo lo que hacemos.    <br> <strong>Amplia conexi\u00f3n con el cliente<\/strong><br>     Conectarnos con los clientes, comprender sus necesidades y c\u00f3mo utilizan la     tecnolog\u00eda y ofrecer valor a trav\u00e9s de informaci\u00f3n y soporte para ayudarlos     a explotar su potencial.   <br> <strong>Liderazgo innovador y responsable<\/strong><br>     Extender la innovaci\u00f3n, los beneficios y las oportunidades de nuestra     oferta para los clientes y los asociados; disposici\u00f3n para comentar nuestra     direcci\u00f3n futura; obtener retroalimentaci\u00f3n; y trabajar con otros para     asegurar que sus productos y los nuestros funcionen bien juntos.    <br> <strong>Permitir que la gente haga cosas nuevas<\/strong><br>     Mayor variedad de opciones para los clientes al identificar nuevas \u00e1reas de     negocio; desarrollar productos nuevos; integrar los nuevos escenarios del     cliente en los negocios existentes; explorar la adquisici\u00f3n de talento y     experiencia claves; e integrarnos a\u00fan m\u00e1s con los asociados nuevos y     existentes.    <br> <strong>Un enfoque global e inclusivo<\/strong><br>     Pensar globalmente y actuar de manera local; y mostrar nuestro liderazgo en     soporte a las comunidades donde vivimos y trabajamos.                  <\/td><td>\n  &nbsp;\n  <\/td><\/tr><\/tbody><\/table><\/figure>\n","protected":false},"excerpt":{"rendered":"<p>Resulta fundamental, en este momento de cambios organizacionales, sociales, tecnol\u00f3gicos, pol\u00edticos y econ\u00f3micos acelerados, establecer un c\u00f3digo de \u00e9tica que gu\u00ede nuestra cultura empresarial de servicio, la cual indudablemente depende de la comprensi\u00f3n y capacidad de las personas y organizaciones para la construcci\u00f3n de nuevos valores y procesos de aprendizaje. El enunciado que sintetiza los &hellip; <a href=\"https:\/\/proplacor.com.ar\/wordpress\/mision-vision-valores-y-estrategia\/\" class=\"more-link\">Continuar leyendo<span class=\"screen-reader-text\"> &#8220;Misi\u00f3n, Visi\u00f3n, Valores y Estrategia&#8221;<\/span><\/a><\/p>\n","protected":false},"author":1,"featured_media":0,"parent":0,"menu_order":0,"comment_status":"closed","ping_status":"closed","template":"","meta":{"_monsterinsights_skip_tracking":false,"_monsterinsights_sitenote_active":false,"_monsterinsights_sitenote_note":"","_monsterinsights_sitenote_category":0,"footnotes":""},"class_list":["post-317","page","type-page","status-publish","hentry"],"_links":{"self":[{"href":"https:\/\/proplacor.com.ar\/wordpress\/wp-json\/wp\/v2\/pages\/317","targetHints":{"allow":["GET"]}}],"collection":[{"href":"https:\/\/proplacor.com.ar\/wordpress\/wp-json\/wp\/v2\/pages"}],"about":[{"href":"https:\/\/proplacor.com.ar\/wordpress\/wp-json\/wp\/v2\/types\/page"}],"author":[{"embeddable":true,"href":"https:\/\/proplacor.com.ar\/wordpress\/wp-json\/wp\/v2\/users\/1"}],"replies":[{"embeddable":true,"href":"https:\/\/proplacor.com.ar\/wordpress\/wp-json\/wp\/v2\/comments?post=317"}],"version-history":[{"count":0,"href":"https:\/\/proplacor.com.ar\/wordpress\/wp-json\/wp\/v2\/pages\/317\/revisions"}],"wp:attachment":[{"href":"https:\/\/proplacor.com.ar\/wordpress\/wp-json\/wp\/v2\/media?parent=317"}],"curies":[{"name":"wp","href":"https:\/\/api.w.org\/{rel}","templated":true}]}}